{"id":24,"date":"2023-06-28T03:58:57","date_gmt":"2023-06-28T03:58:57","guid":{"rendered":"https:\/\/keramike.com.mx\/?page_id=24"},"modified":"2023-07-03T15:28:09","modified_gmt":"2023-07-03T15:28:09","slug":"about","status":"publish","type":"page","link":"https:\/\/keramike.com.mx\/index.php\/about\/","title":{"rendered":"Nuestros Procesos"},"content":{"rendered":"\n<h2 class=\"wp-block-heading has-large-font-size\" id=\"inspiro-is-a-digital-product-agency-that-focuses-on-strategy-and-design\" style=\"font-style:normal;font-weight:100\"><strong>La perfecci\u00f3n en cada proceso determina el \u00e9xito del resultado final.<\/strong><\/h2>\n\n\n\n<div class=\"wp-block-columns alignwide is-layout-flex wp-container-8\">\n<div class=\"wp-block-column is-layout-flow\">\n<figure class=\"wp-block-gallery has-nested-images columns-default is-cropped wp-block-gallery-1 is-layout-flex\">\n<figure class=\"wp-block-image size-full is-style-default\"><img decoding=\"async\" loading=\"lazy\" width=\"749\" height=\"530\" src=\"https:\/\/keramike.com.mx\/wp-content\/uploads\/2023\/07\/proceso-5.jpg\" alt=\"\" class=\"wp-image-95\" srcset=\"https:\/\/keramike.com.mx\/wp-content\/uploads\/2023\/07\/proceso-5.jpg 749w, https:\/\/keramike.com.mx\/wp-content\/uploads\/2023\/07\/proceso-5-300x212.jpg 300w\" sizes=\"(max-width: 749px) 100vw, 749px\" \/><\/figure>\n<\/figure>\n\n\n\n<p class=\"has-luminous-vivid-amber-color has-text-color has-medium-font-size\">Preparaci\u00f3n de  pasta<\/p>\n\n\n\n<p class=\"has-text-color\" style=\"color:#7a7a7a\">La barbotina es el insumo principal del ceramista. Se prepara artesanalmente la mezcla untuosa, un tipo de engobe de arcilla y agua de consistencia casi l\u00edquida.<\/p>\n<\/div>\n\n\n\n<div class=\"wp-block-column is-layout-flow\">\n<figure class=\"wp-block-image size-full\"><img decoding=\"async\" loading=\"lazy\" width=\"749\" height=\"530\" src=\"https:\/\/keramike.com.mx\/wp-content\/uploads\/2023\/06\/proceso-1.jpg\" alt=\"\" class=\"wp-image-34\" srcset=\"https:\/\/keramike.com.mx\/wp-content\/uploads\/2023\/06\/proceso-1.jpg 749w, https:\/\/keramike.com.mx\/wp-content\/uploads\/2023\/06\/proceso-1-300x212.jpg 300w\" sizes=\"(max-width: 749px) 100vw, 749px\" \/><\/figure>\n\n\n\n<p class=\"has-luminous-vivid-amber-color has-text-color has-medium-font-size\">Vaciado de moldes<\/p>\n\n\n\n<p class=\"has-text-color\" style=\"color:#7a7a7a\">Se vac\u00eda la pasta en moldes para despu\u00e9s hornear a altas temperaturas.<\/p>\n<\/div>\n\n\n\n<div class=\"wp-block-column is-layout-flow\">\n<figure class=\"wp-block-image size-full\"><img decoding=\"async\" loading=\"lazy\" width=\"750\" height=\"530\" src=\"https:\/\/keramike.com.mx\/wp-content\/uploads\/2023\/06\/proceso-2.jpg\" alt=\"\" class=\"wp-image-35\" srcset=\"https:\/\/keramike.com.mx\/wp-content\/uploads\/2023\/06\/proceso-2.jpg 750w, https:\/\/keramike.com.mx\/wp-content\/uploads\/2023\/06\/proceso-2-300x212.jpg 300w\" sizes=\"(max-width: 750px) 100vw, 750px\" \/><\/figure>\n\n\n\n<p class=\"has-luminous-vivid-amber-color has-text-color has-medium-font-size\">Refinamiento artesanal<\/p>\n\n\n\n<p class=\"has-text-color\" style=\"color:#7a7a7a\">Se pule cada pieza de forma manual para eliminar todas las imperfecciones.<\/p>\n<\/div>\n\n\n\n<div class=\"wp-block-column is-layout-flow\">\n<figure class=\"wp-block-image size-full\"><img decoding=\"async\" loading=\"lazy\" width=\"749\" height=\"530\" src=\"https:\/\/keramike.com.mx\/wp-content\/uploads\/2023\/06\/proceso-3.jpg\" alt=\"\" class=\"wp-image-36\" srcset=\"https:\/\/keramike.com.mx\/wp-content\/uploads\/2023\/06\/proceso-3.jpg 749w, https:\/\/keramike.com.mx\/wp-content\/uploads\/2023\/06\/proceso-3-300x212.jpg 300w\" sizes=\"(max-width: 749px) 100vw, 749px\" \/><\/figure>\n\n\n\n<p class=\"has-luminous-vivid-amber-color has-text-color has-medium-font-size\">Esmaltado<\/p>\n\n\n\n<p class=\"has-text-color\" style=\"color:#7a7a7a\">Se aplica esmalte con una pistola de aire comprimido que es important\u00edsimo para el horneado final.<\/p>\n<\/div>\n\n\n\n<div class=\"wp-block-column is-layout-flow\">\n<figure class=\"wp-block-image size-full\"><img decoding=\"async\" loading=\"lazy\" width=\"749\" height=\"530\" src=\"https:\/\/keramike.com.mx\/wp-content\/uploads\/2023\/06\/proceso-4.jpg\" alt=\"\" class=\"wp-image-82\" srcset=\"https:\/\/keramike.com.mx\/wp-content\/uploads\/2023\/06\/proceso-4.jpg 749w, https:\/\/keramike.com.mx\/wp-content\/uploads\/2023\/06\/proceso-4-300x212.jpg 300w\" sizes=\"(max-width: 749px) 100vw, 749px\" \/><\/figure>\n\n\n\n<p class=\"has-luminous-vivid-amber-color has-text-color has-medium-font-size\">Horneado<\/p>\n\n\n\n<p class=\"has-text-color\" style=\"color:#7a7a7a\">La cer\u00e1mica se cuece y es horneada en un horno especial a temperaturas de hasta 1200\u00baC durante varias horas.<\/p>\n<\/div>\n<\/div>\n\n\n\n<div class=\"wp-block-cover alignfull\" style=\"padding-top:50px;padding-right:50px;padding-bottom:50px;padding-left:50px;min-height:316px\"><span aria-hidden=\"true\" class=\"wp-block-cover__background has-black-background-color has-background-dim-100 has-background-dim\"><\/span><div class=\"wp-block-cover__inner-container\">\n<p class=\"has-text-align-center has-large-font-size\"><\/p>\n<\/div><\/div>\n","protected":false},"excerpt":{"rendered":"<p>La perfecci\u00f3n en cada proceso determina el \u00e9xito del resultado final. Preparaci\u00f3n de pasta La barbotina es el insumo principal del ceramista. Se prepara artesanalmente la mezcla untuosa, un tipo de engobe de arcilla y agua de consistencia casi l\u00edquida. Vaciado de moldes Se vac\u00eda la pasta en moldes para despu\u00e9s hornear a altas temperaturas. &hellip; <\/p>\n<p class=\"link-more\"><a href=\"https:\/\/keramike.com.mx\/index.php\/about\/\" class=\"more-link\">Read more<span class=\"screen-reader-text\"> &#8220;Nuestros Procesos&#8221;<\/span><\/a><\/p>\n","protected":false},"author":1,"featured_media":33,"parent":0,"menu_order":0,"comment_status":"closed","ping_status":"closed","template":"","meta":{"two_page_speed":[]},"_links":{"self":[{"href":"https:\/\/keramike.com.mx\/index.php\/wp-json\/wp\/v2\/pages\/24"}],"collection":[{"href":"https:\/\/keramike.com.mx\/index.php\/wp-json\/wp\/v2\/pages"}],"about":[{"href":"https:\/\/keramike.com.mx\/index.php\/wp-json\/wp\/v2\/types\/page"}],"author":[{"embeddable":true,"href":"https:\/\/keramike.com.mx\/index.php\/wp-json\/wp\/v2\/users\/1"}],"replies":[{"embeddable":true,"href":"https:\/\/keramike.com.mx\/index.php\/wp-json\/wp\/v2\/comments?post=24"}],"version-history":[{"count":8,"href":"https:\/\/keramike.com.mx\/index.php\/wp-json\/wp\/v2\/pages\/24\/revisions"}],"predecessor-version":[{"id":96,"href":"https:\/\/keramike.com.mx\/index.php\/wp-json\/wp\/v2\/pages\/24\/revisions\/96"}],"wp:featuredmedia":[{"embeddable":true,"href":"https:\/\/keramike.com.mx\/index.php\/wp-json\/wp\/v2\/media\/33"}],"wp:attachment":[{"href":"https:\/\/keramike.com.mx\/index.php\/wp-json\/wp\/v2\/media?parent=24"}],"curies":[{"name":"wp","href":"https:\/\/api.w.org\/{rel}","templated":true}]}}